{"id":355,"date":"2018-08-09T07:32:54","date_gmt":"2018-08-09T07:32:54","guid":{"rendered":"https:\/\/try.chethemes.com\/jobhunt\/?page_id=355"},"modified":"2024-04-08T18:35:58","modified_gmt":"2024-04-08T16:35:58","slug":"terms-and-conditions","status":"publish","type":"page","link":"https:\/\/aefi.org\/bolsa-empleo\/terms-and-conditions\/","title":{"rendered":"T\u00c9RMINOS Y CONDICIONES"},"content":{"rendered":"<div class=\"terms-conditions\">\n<div class=\"terms\">\n<p>Estas Condiciones Generales de Uso y Contrataci\u00f3n (en adelante, \u201clas\u00a0<strong>Condiciones Generale<\/strong>s\u201d) rigen el acceso y la utilizaci\u00f3n del sitio web accesible a trav\u00e9s del nombre de dominio https:\/\/www.aefi.org\/ y sus subdominios (en adelante, \u201cel\u00a0<strong>Sitio Web<\/strong>\u201d), as\u00ed como la contrataci\u00f3n de productos y\/o servicios a trav\u00e9s del mismo. El simple acceso al Sitio Web atribuye a quien lo realiza la condici\u00f3n de usuario del mismo (en adelante, \u201cel\u00a0<strong>Usuario<\/strong>\u201d) e implica la aceptaci\u00f3n de todos los t\u00e9rminos incluidos en estas Condiciones Generales. En caso de no estar de acuerdo con estas Condiciones Generales, el Usuario debe abandonar inmediatamente el Sitio Web sin utilizarlo.<\/p>\n<p>Por medio de la aceptaci\u00f3n de estas Condiciones Generales el Usuario manifiesta:<\/p>\n<p>Que ha le\u00eddo, entiende y acepta lo aqu\u00ed expuesto.<br \/>\nQue, en caso de que se disponga a contratar alg\u00fan producto y\/o servicio, tiene capacidad suficiente para ello.<br \/>\nQue es mayor de edad.<\/p>\n<p><strong>1. Informaci\u00f3n general del Sitio Web<\/strong><\/p>\n<p>A continuaci\u00f3n se ofrece la informaci\u00f3n general del Sitio Web:<\/p>\n<p>Titular: Asociaci\u00f3n Espa\u00f1ola de Farmac\u00e9uticos de la Industria (en adelante, \u201cAEFI\u201d).<br \/>\nSede y establecimiento: Calle Serrano, 226 duplicado, bajo izquierda, 28016, Madrid.<br \/>\nN.I.F.: G78091121<br \/>\nE-mail: secretaria.juntagobierno@aefi.org<br \/>\nTel\u00e9fono:\u00a0638 787738<br \/>\nDatos registrales: Registro Nacional de Asociaciones (n\u00ba 17216).<\/p>\n<p><strong>2. Acceso al Sitio Web<\/strong><\/p>\n<p>El simple acceso al Sitio Web es gratuito salvo en lo relativo al coste de la conexi\u00f3n a trav\u00e9s de la red de telecomunicaciones suministrada por el proveedor de acceso contratado por el Usuario.<\/p>\n<p><strong>3. Normas de utilizaci\u00f3n del Sitio Web<\/strong><\/p>\n<p>El usuario se compromete expresamente a hacer un uso adecuado de los contenidos y servicios de AEFI y a no emplearlos para, entre otros:<\/p>\n<p>a) Difundir contenidos, delictivos, violentos, pornogr\u00e1ficos, racistas, xen\u00f3fobos, ofensivos, de apolog\u00eda del terrorismo o, en general, contrarios a la ley o al orden p\u00fablico.<\/p>\n<p>b) Introducir en la red virus inform\u00e1ticos o realizar actuaciones susceptibles de alterar, estropear, interrumpir o generar errores o da\u00f1os en los documentos electr\u00f3nicos, datos o sistemas f\u00edsicos y l\u00f3gicos de AEFI o de terceras personas; as\u00ed como obstaculizar el acceso de otros usuarios al sitio web y a sus servicios mediante el consumo masivo de los recursos inform\u00e1ticos a trav\u00e9s de los cuales AEFI presta sus servicios.<\/p>\n<p>c) Intentar acceder a las cuentas de correo electr\u00f3nico de otros usuarios o a \u00e1reas restringidas de los sistemas inform\u00e1ticos de AEFI o de terceros y, en su caso, extraer informaci\u00f3n.<\/p>\n<p>d) Vulnerar los derechos de propiedad intelectual o industrial, as\u00ed como violar la confidencialidad de la informaci\u00f3n de AEFI o de terceros.<\/p>\n<p>e) Suplantar la identidad de otro usuario, de las administraciones p\u00fablicas o de un tercero.<\/p>\n<p>f) Reproducir, copiar, distribuir, poner a disposici\u00f3n o de cualquier otra forma comunicar p\u00fablicamente, transformar o modificar los contenidos, a menos que se cuente con la autorizaci\u00f3n del titular de los correspondientes derechos o ello resulte legalmente permitido.<\/p>\n<p>g) Recabar datos con finalidad publicitaria y de remitir publicidad de cualquier clase y comunicaciones con fines de venta u otras de naturaleza comercial sin que medie su previa solicitud o consentimiento.<\/p>\n<p><strong>4. Contenidos y servicios enlazados a trav\u00e9s del Sitio Web<\/strong><\/p>\n<p>El Sitio Web puede contener dispositivos t\u00e9cnicos de enlace, directorios e incluso instrumentos de b\u00fasqueda que permitan al Usuario acceder a otras p\u00e1ginas y portales de Internet (en adelante,\u00a0<strong>\u201cSitios Enlazados\u201d<\/strong>). En estos casos, AEFI s\u00f3lo ser\u00e1 responsable de los contenidos y servicios suministrados en los Sitios Enlazados en la medida en que tenga conocimiento efectivo de su ilicitud y no haya desactivado el enlace a los mismos con la diligencia debida. En el supuesto de que el Usuario considere que existe un Sitio Enlazado con contenidos il\u00edcitos o inadecuados, puede comunicarlo a AEFI.<\/p>\n<p>En ning\u00fan caso la existencia de Sitios Enlazados debe presuponer la formalizaci\u00f3n de acuerdos entre AEFI y los responsables o titulares de los mismos, as\u00ed como tampoco la recomendaci\u00f3n o promoci\u00f3n de los Sitios Enlazados y\/o sus contenidos por parte de AEFI. A menos que se indique expresamente lo contrario en el Sitio Web, AEFI no conoce los contenidos y servicios de los Sitios Enlazados y, por tanto, no se hace responsable por los da\u00f1os y perjuicios que estos puedan producir al Usuario o a cualquier tercero.<\/p>\n<p><strong>5. Propiedad intelectual e industrial<\/strong><\/p>\n<p>Todos los contenidos del Sitio Web entendiendo por estos, a t\u00edtulo meramente enunciativo pero no exhaustivo, los textos, fotograf\u00edas, gr\u00e1ficos, im\u00e1genes, iconos, tecnolog\u00eda, software, links y dem\u00e1s contenidos audiovisuales o sonoros, as\u00ed como su dise\u00f1o gr\u00e1fico y c\u00f3digos fuente, son propiedad intelectual de AEFI o de terceros licenciadores, sin que puedan entenderse cedidos al Usuario ninguno de los derechos de explotaci\u00f3n reconocidos por la normativa vigente en materia de propiedad intelectual sobre los mismos.<\/p>\n<p>Las marcas, nombres comerciales y dem\u00e1s signos distintivos publicados en el Sitio Web son titularidad de AEFI o de terceros cedentes y\/o licenciadores, sin que pueda entenderse cedido al Usuario ning\u00fan derecho sobre los mismos.<\/p>\n<p>Cuando solicites un empleo a trav\u00e9s de este sitio, recopilaremos y almacenaremos los datos que nos proporciones, como tu nombre, direcci\u00f3n de correo electr\u00f3nico e informaci\u00f3n adicional sobre la solicitud. Esta informaci\u00f3n se almacena de forma segura en la base de datos del sitio. Ten en cuenta que los administradores del sitio y las personas que tienen acceso al sitio, como los empleadores, pueden acceder para ver los detalles que has proporcionado en tu solicitud de empleo.<\/p>\n<p><strong>6. Contrataci\u00f3n de productos y\/o servicios<\/strong><\/p>\n<ul>\n<li><strong>6.1. Caracter\u00edsticas principales de los productos<\/strong><\/li>\n<\/ul>\n<p>Las caracter\u00edsticas principales de los productos ofrecidos a trav\u00e9s del Sitio Web pueden consultarse en la propia ficha descriptiva con la que se presentan.<\/p>\n<ul>\n<li><strong>6.2. Procedimiento de compra<br \/>\n<\/strong>La lengua en la que puede formalizarse la contrataci\u00f3n es la espa\u00f1ola.El procedimiento para comprar productos a trav\u00e9s del Sitio Web es el siguiente:<\/li>\n<\/ul>\n<ol>\n<li>Desde la ficha del producto deseado aparece el bot\u00f3n de \u201cRealizar pedido\u201d.<\/li>\n<li>Cuando se haga clic en el bot\u00f3n, se abre una nueva ventana donde el Usuario debe incluir sus datos, siendo obligatorio introducir: nombre del comprador, e-mail, domicilio de entrega y forma de pago. En esta misma pantalla se solicita de nuevo seleccionar el producto que se desee comprar.<\/li>\n<li>Una vez facilitada toda la informaci\u00f3n antes descrita, se debe hacer clic en el bot\u00f3n enviar.<\/li>\n<li>Finalmente el Usuario recibir\u00e1 un correo electr\u00f3nico confirmando la correcta finalizaci\u00f3n del proceso de compra.<br \/>\nAEFI guardar\u00e1 prueba electr\u00f3nica de la contrataci\u00f3n efectuada por el Usuario, pudiendo este consultar su historial de compras realizadas a trav\u00e9s de su cuenta.<\/li>\n<\/ol>\n<ul>\n<li><strong>6.3. Contrase\u00f1a<br \/>\n<\/strong>El Usuario es responsable en todo momento de la custodia de su contrase\u00f1a, asumiendo en consecuencia cualesquiera da\u00f1os y perjuicios que pudieran derivarse de su uso indebido, as\u00ed como de la cesi\u00f3n, revelaci\u00f3n o extrav\u00edo de la misma. A estos efectos, el acceso a \u00e1reas restringidas y\/o el uso de los servicios y contenidos del Sitio Web realizado bajo su contrase\u00f1a se reputar\u00e1n realizados por el Usuario.<\/li>\n<\/ul>\n<ul>\n<li><strong>6.4. Correcci\u00f3n e identificaci\u00f3n de errores en la introducci\u00f3n de datos<br \/>\n<\/strong>Cuando el Usuario olvide cumplimentar correctamente alg\u00fan dato se\u00f1alado como obligatorio en el correspondiente formulario, no podr\u00e1 avanzar en el proceso de contrataci\u00f3n o validaci\u00f3n hasta haberlo cumplimentado. Un mensaje en pantalla le advertir\u00e1 de dicha circunstancia.Podr\u00e1 modificar y\/o actualizar en cualquier momento los datos facilitados durante el proceso de compra, antes de su finalizaci\u00f3n.<\/p>\n<p>Accediendo a su cuenta, el Usuario podr\u00e1 modificar y\/o actualizar en cualquier momento los datos que facilit\u00f3 en el momento de registrarse como usuario del Sitio Web.<\/li>\n<\/ul>\n<ul>\n<li><strong>6.5. Entrega de pedidos<br \/>\n<\/strong>El Usuario recibir\u00e1 su pedido en el plazo m\u00e1ximo de 30 d\u00edas contados a partir de la fecha de compra.<\/li>\n<\/ul>\n<ul>\n<li><strong>6.6. Precio, modalidades de pago y gastos de env\u00edo<br \/>\n<\/strong>Venta de publicaciones.<\/li>\n<\/ul>\n<p style=\"padding-left: 40px;\">Los precios que se indican respecto a cada producto en su correspondiente ficha incluyen, salvo indicaci\u00f3n expresa en contra, el Impuesto sobre el Valor A\u00f1adido (IVA) y, en todo caso, se expresan por defecto en moneda Euro (\u20ac). Dichos precios, salvo que se indique expresamente lo contrario, no incluyen los gastos de env\u00edo, seguro de env\u00edo o cualesquiera otros servicios adicionales y anexos al producto o servicio adquirido. Los gastos de env\u00edo se reflejar\u00e1n en la factura proforma que recibir\u00e1 el Usuario a trav\u00e9s del correo electr\u00f3nico indicado en la compra.<\/p>\n<p style=\"padding-left: 40px;\">Las modalidades de pago disponibles en el Sitio Web son las siguientes:<\/p>\n<p style=\"padding-left: 40px;\">&#8211; Transferencia Bancaria<br \/>\n&#8211; Contrarreembolso<\/p>\n<p style=\"padding-left: 40px;\">Las modalidades de env\u00edo disponibles para los productos adquiridos en el Sitio Web son las siguientes:<\/p>\n<p>\u00a0\u00a0\u00a0\u00a0\u00a0\u00a0\u00a0\u00a0\u00a0\u00a0 &#8211; Correo certificado<\/p>\n<p>Los cursos de formaci\u00f3n est\u00e1n exentos de IVA y as\u00ed se especificar\u00e1 en la factura.<\/p>\n<ol start=\"7\">\n<li><strong> Derecho de desistimiento<\/strong><\/li>\n<\/ol>\n<ul>\n<li><strong>7. 1. Plazo de ejercicio<br \/>\n<\/strong>El Usuario tiene derecho a desistir del contrato celebrado a trav\u00e9s del Sitio Web en un plazo de 14 d\u00edas naturales sin necesidad de justificaci\u00f3n.En caso de un contrato de venta, el plazo de desistimiento expirar\u00e1 a los 14 d\u00edas naturales del d\u00eda en que el Usuario o un tercero por \u00e9l indicado, distinto del transportista, haya adquirido la posesi\u00f3n material de los productos.<\/p>\n<p>En caso de un contrato de entrega de m\u00faltiples productos encargados por el Usuario en el mismo pedido y entregados por separado, el plazo de desistimiento expirar\u00e1 a los 14 d\u00edas naturales del d\u00eda en que el Usuario o un tercero por \u00e9l indicado, distinto del transportista, haya adquirido la posesi\u00f3n material del \u00faltimo de esos productos.<\/p>\n<p>Para ejercer el derecho de desistimiento el Usuario deber\u00e1 notificar a AEFI su decisi\u00f3n de desistir del contrato a trav\u00e9s de una declaraci\u00f3n inequ\u00edvoca (por ejemplo, una carta enviada por correo postal o correo electr\u00f3nico). El Usuario puede utilizar el modelo de formulario de desistimiento descargable\u00a0<a href=\"https:\/\/www.aefi.org\/images\/PDF\/Documento_de_desistimiento_ventapublicaciones.pdf\">aqu\u00ed<\/a>, aunque su uso no es obligatorio.<\/p>\n<p>Para cumplir el plazo de desistimiento, basta con que la comunicaci\u00f3n del Usuario relativa al ejercicio de este derecho sea enviada antes de que venza el plazo correspondiente.<\/li>\n<\/ul>\n<ul>\n<li><strong>7.2. Consecuencias del desistimiento<br \/>\n<\/strong>En caso de desistimiento, AEFI devolver\u00e1 todos los pagos que haya recibido del Usuario, incluidos los gastos de entrega (con la excepci\u00f3n de los gastos adicionales resultantes de la elecci\u00f3n por parte del Usuario de una modalidad de entrega diferente a la modalidad menos costosa de entrega ordinaria que ofrezca AEFI) sin ninguna demora indebida y, en todo caso, a m\u00e1s tardar 14 d\u00edas naturales a partir de la fecha en la que el Usuario informe a AEFI de su decisi\u00f3n de desistir del contrato. AEFI proceder\u00e1 a efectuar dicho reembolso utilizando el mismo medio de pago empleado por el Usuario para la transacci\u00f3n inicial, a no ser que haya dispuesto expresamente lo contrario; en todo caso, el Usuario no incurrir\u00e1 en ning\u00fan gasto como consecuencia del reembolso. AEFI podr\u00e1 retener el reembolso hasta haber recibido los productos, o hasta que el Usuario haya presentado una prueba de la devoluci\u00f3n de los mismos, seg\u00fan qu\u00e9 condici\u00f3n se cumpla primero.El Usuario deber\u00e1 devolver o entregar directamente los productos a AEFI, sin ninguna demora indebida y, en cualquier caso, a m\u00e1s tardar en el plazo de 14 d\u00edas naturales a partir de la fecha en que comunique su decisi\u00f3n de desistimiento del contrato. Se considerar\u00e1 cumplido el plazo si efect\u00faa la devoluci\u00f3n de los productos antes de que haya concluido dicho plazo. El Usuario deber\u00e1 asumir el coste directo de devoluci\u00f3n de los productos.<\/p>\n<p>El Usuario s\u00f3lo ser\u00e1 responsable de la disminuci\u00f3n de valor de los productos resultante de una manipulaci\u00f3n distinta a la necesaria para establecer la naturaleza, las caracter\u00edsticas y el funcionamiento de los productos.<\/li>\n<\/ul>\n<ol start=\"8\">\n<li><strong> Quejas, reclamaciones y solicitudes de informaci\u00f3n<br \/>\n<\/strong>El Usuario puede dirigir sus quejas, reclamaciones y\/o solicitudes de informaci\u00f3n a AEFI,\u00a0enviando para ello un correo electr\u00f3nico a la direcci\u00f3n\u00a0<a href=\"mailto:secretaria.juntagobierno@aefi.org\">secretaria.juntagobierno@aefi.org<\/a>.<strong>9. Garant\u00eda legal de conformidad para los productos<\/strong><\/p>\n<p>Se recuerda al Usuario que, de conformidad con lo previsto en los art\u00edculos 114 y siguientes del Real Decreto Legislativo 1\/2007, de 16 de noviembre, por el que se aprueba el texto refundido de la Ley General para la Defensa de los Consumidores y Usuarios y otras leyes complementarias, todos los productos entregados por AEFI deben resultar conformes con el contrato celebrado, respondiendo AEFI frente al Usuario por las faltas de conformidad que se manifiesten en un plazo de dos a\u00f1os desde la entrega del producto.<\/p>\n<p>En su caso, la falta de conformidad que resulte de una incorrecta instalaci\u00f3n del producto se equiparar\u00e1 a la falta de conformidad del producto cuando la instalaci\u00f3n defectuosa la haya realizado el Usuario por culpa de un error en las instrucciones de instalaci\u00f3n.<\/p>\n<p>El alcance y forma de ejecuci\u00f3n de los derechos que confiere al Usuario dicha garant\u00eda legal pueden ser consultados en los art\u00edculos 114 y siguientes de la citada norma.<\/li>\n<li><strong> Nulidad e ineficacia de las cl\u00e1usulas<br \/>\n<\/strong>Si cualquier cl\u00e1usula incluida en estas Condiciones Generales fuese declarada total o parcialmente nula o ineficaz, tal nulidad o ineficacia tan s\u00f3lo afectar\u00e1 a dicha disposici\u00f3n o a la parte de la misma que resulte nula o ineficaz, subsistiendo estas Condiciones Generales en todo lo dem\u00e1s y consider\u00e1ndose tal disposici\u00f3n total o parcialmente por no incluida.<\/li>\n<li><strong> Legislaci\u00f3n aplicable y jurisdicci\u00f3n competente<br \/>\n<\/strong>Estas Condiciones Generales se regir\u00e1n e interpretar\u00e1n conforme a la legislaci\u00f3n espa\u00f1ola.En caso de controversia, el Usuario puede optar por interponer su demanda ante los Juzgados o Tribunales que correspondan a su domicilio.<\/p>\n<p><strong>12. Resoluci\u00f3n alternativa de litigios en materia de consumo<\/strong><\/p>\n<p>Se informa al Usuario acerca de la existencia de la plataforma de resoluci\u00f3n de litigios en l\u00ednea de la Uni\u00f3n Europea, a la cual puede accederse\u00a0<a href=\"https:\/\/ec.europa.eu\/consumers\/odr\/main\/index.cfm?event=main.home.chooseLanguage\">aqu\u00ed.<\/a><\/li>\n<\/ol>\n<\/div>\n<\/div>\n","protected":false},"excerpt":{"rendered":"<p>Estas Condiciones Generales de Uso y Contrataci\u00f3n (en adelante, \u201clas\u00a0Condiciones Generales\u201d) rigen el acceso y la utilizaci\u00f3n del sitio web accesible a trav\u00e9s del nombre de dominio https:\/\/www.aefi.org\/ y sus subdominios (en adelante, \u201cel\u00a0Sitio Web\u201d), as\u00ed como la contrataci\u00f3n de productos y\/o servicios a trav\u00e9s del mismo. El simple acceso [&hellip;]<\/p>\n","protected":false},"author":2,"featured_media":0,"parent":0,"menu_order":0,"comment_status":"closed","ping_status":"closed","template":"","meta":{"footnotes":""},"class_list":["post-355","page","type-page","status-publish","hentry"],"jetpack_sharing_enabled":true,"_links":{"self":[{"href":"https:\/\/aefi.org\/bolsa-empleo\/wp-json\/wp\/v2\/pages\/355","targetHints":{"allow":["GET"]}}],"collection":[{"href":"https:\/\/aefi.org\/bolsa-empleo\/wp-json\/wp\/v2\/pages"}],"about":[{"href":"https:\/\/aefi.org\/bolsa-empleo\/wp-json\/wp\/v2\/types\/page"}],"author":[{"embeddable":true,"href":"https:\/\/aefi.org\/bolsa-empleo\/wp-json\/wp\/v2\/users\/2"}],"replies":[{"embeddable":true,"href":"https:\/\/aefi.org\/bolsa-empleo\/wp-json\/wp\/v2\/comments?post=355"}],"version-history":[{"count":2,"href":"https:\/\/aefi.org\/bolsa-empleo\/wp-json\/wp\/v2\/pages\/355\/revisions"}],"predecessor-version":[{"id":113373,"href":"https:\/\/aefi.org\/bolsa-empleo\/wp-json\/wp\/v2\/pages\/355\/revisions\/113373"}],"wp:attachment":[{"href":"https:\/\/aefi.org\/bolsa-empleo\/wp-json\/wp\/v2\/media?parent=355"}],"curies":[{"name":"wp","href":"https:\/\/api.w.org\/{rel}","templated":true}]}}